{"id":253,"date":"2024-07-24T10:02:29","date_gmt":"2024-07-24T10:02:29","guid":{"rendered":"https:\/\/xitee.wbfdev2.cz\/?page_id=253"},"modified":"2025-06-10T08:16:42","modified_gmt":"2025-06-10T06:16:42","slug":"volna-mista","status":"publish","type":"page","link":"https:\/\/career.xitee.com\/cs\/volna-mista\/","title":{"rendered":"Voln\u00e1 m\u00edsta"},"content":{"rendered":"<section class=\"bde-section-253-100 bde-section\">\n  \n  \n\t\n\n\n\n<div class=\"section-container\"><h1 class=\"bde-heading-253-101 bde-heading\">\nVoln\u00e1 m\u00edsta v xitee\n<\/h1><div class=\"bde-div-253-160 bde-div\">\n  \n  \n\t\n\n\n\n<div class=\"bde-text-253-108 bde-text\">\nHled\u00e1me talentovan\u00e9 osobnosti, kter\u00e9 bav\u00ed IT a technologie, cht\u011bj\u00ed se neust\u00e1le rozv\u00edjet a zapojit do n\u011b\u010deho, co m\u00e1 smysl. Pod\u00edvej se, jestli n\u00e1m nechyb\u00ed\u0161 pr\u00e1v\u011b ty.\n<\/div>\n<\/div><div class=\"bde-post-loop-253-152 bde-post-loop wpgb-content\"><div class=\"bde-loop bde-loop-list ee-posts ee-posts-list\">    <article class=\"bde-loop-item ee-post\">\n        <a class=\"bde-container-link-261-118-1313-261-1 bde-container-link bde-container-link-261-118 breakdance-link\" href=\"https:\/\/career.xitee.com\/cs\/volna-mista\/atlassian-expert\/\" target=\"_self\" data-type=\"url\">\n  \n  \n\t\n\n\n\n<h5 class=\"bde-heading-261-103-1313-261-1 bde-heading bde-heading-261-103\">\nAtlassian Expert\n<\/h5><div class=\"bde-icon-261-119-1313-261-1 bde-icon bde-icon-261-119\">\n\n    \n            <div class=\"bde-icon-icon breakdance-icon-atom\" >\n    \n                    <svg xmlns=\"http:\/\/www.w3.org\/2000\/svg\" viewBox=\"0 0 320 512\"><!--! Font Awesome Free 6.5.1 by @fontawesome - https:\/\/fontawesome.com License - https:\/\/fontawesome.com\/license\/free (Icons: CC BY 4.0, Fonts: SIL OFL 1.1, Code: MIT License) Copyright 2023 Fonticons, Inc. --><path d=\"M310.6 233.4c12.5 12.5 12.5 32.8 0 45.3l-192 192c-12.5 12.5-32.8 12.5-45.3 0s-12.5-32.8 0-45.3L242.7 256 73.4 86.6c-12.5-12.5-12.5-32.8 0-45.3s32.8-12.5 45.3 0l192 192z\"\/><\/svg>\n        \n        \n        \n            <\/div>\n    \n\n\n<\/div>\n\n<\/a>    <\/article>\n    <article class=\"bde-loop-item ee-post\">\n        <a class=\"bde-container-link-261-118-1304-261-1 bde-container-link bde-container-link-261-118 breakdance-link\" href=\"https:\/\/career.xitee.com\/cs\/volna-mista\/devops-engineer\/\" target=\"_self\" data-type=\"url\">\n  \n  \n\t\n\n\n\n<h5 class=\"bde-heading-261-103-1304-261-1 bde-heading bde-heading-261-103\">\nDevOps Engineer\n<\/h5><div class=\"bde-icon-261-119-1304-261-1 bde-icon bde-icon-261-119\">\n\n    \n            <div class=\"bde-icon-icon breakdance-icon-atom\" >\n    \n                    <svg xmlns=\"http:\/\/www.w3.org\/2000\/svg\" viewBox=\"0 0 320 512\"><!--! Font Awesome Free 6.5.1 by @fontawesome - https:\/\/fontawesome.com License - https:\/\/fontawesome.com\/license\/free (Icons: CC BY 4.0, Fonts: SIL OFL 1.1, Code: MIT License) Copyright 2023 Fonticons, Inc. --><path d=\"M310.6 233.4c12.5 12.5 12.5 32.8 0 45.3l-192 192c-12.5 12.5-32.8 12.5-45.3 0s-12.5-32.8 0-45.3L242.7 256 73.4 86.6c-12.5-12.5-12.5-32.8 0-45.3s32.8-12.5 45.3 0l192 192z\"\/><\/svg>\n        \n        \n        \n            <\/div>\n    \n\n\n<\/div>\n\n<\/a>    <\/article>\n<\/div>\r\n<\/div><img decoding=\"async\" class=\"bde-image2-253-163 bde-image2\" src=\"https:\/\/career.xitee.com\/wp-content\/uploads\/2025\/01\/42104787_8878486-1.svg\" loading=\"lazy\"><img decoding=\"async\" class=\"bde-image2-253-164 bde-image2\" src=\"https:\/\/career.xitee.com\/wp-content\/uploads\/2025\/02\/Group-204.svg\" loading=\"lazy\"><\/div>\n<\/section><section class=\"bde-section-253-113 bde-section\">\n  \n  \n\t\n\n\n\n<div class=\"section-container\"><div class=\"bde-div-253-162 bde-div\">\n  \n  \n\t\n\n\n\n<h2 class=\"bde-heading-253-154 bde-heading\">\nNena\u0161el jsi pro sebe to prav\u00e9?\n<\/h2><div class=\"bde-text-253-155 bde-text\">\nNapi\u0161 n\u00e1m a my se ti ozveme.\n<\/div><div class=\"bde-form-builder-253-158 bde-form-builder\">\n\n<form id=\"prihlaska-na-pozici158\" class=\"breakdance-form breakdance-form--vertical\" data-options=\"{&quot;slug&quot;:&quot;custom&quot;,&quot;name&quot;:&quot;P\\u0159ihl\\u00e1\\u0161ka na pozici&quot;,&quot;ajaxUrl&quot;:&quot;https:\\\/\\\/career.xitee.com\\\/wp-admin\\\/admin-ajax.php&quot;,&quot;clearOnSuccess&quot;:true,&quot;hideOnSuccess&quot;:false,&quot;successMessage&quot;:&quot;Va\\u0161e \\u017e\\u00e1dost byla odesl\\u00e1na, ozveme se V\\u00e1m!&quot;,&quot;errorMessage&quot;:&quot;N\\u011bco se pokazilo.&quot;,&quot;redirect&quot;:false,&quot;redirectUrl&quot;:&quot;&quot;,&quot;customJavaScript&quot;:&quot;&quot;,&quot;recaptcha&quot;:{&quot;key&quot;:&quot;&quot;,&quot;enabled&quot;:false},&quot;honeypot_enabled&quot;:false,&quot;popupsOnSuccess&quot;:[],&quot;popupsOnError&quot;:[]}\" data-steps=\"0\" >\n  \n  \n  \n<div class=\"breakdance-form-field breakdance-form-field--text\" >\n    \n    \n    \n    <input\n    class=\"breakdance-form-field__input\"\n    id=\"jmeno\"\n    aria-describedby=\"jmeno\"\n    type=\"text\"\n    name=\"fields[jmeno]\"\n    placeholder=\"Jm\u00e9no *\"\n    value=\"\"\n                \n        \n        \n    \n    \n    \n    \n    \n    \n>\n\n\n    \n    \n<\/div>\n\n\n<div class=\"breakdance-form-field breakdance-form-field--text\" >\n    \n    \n    \n    <input\n    class=\"breakdance-form-field__input\"\n    id=\"prijmeni\"\n    aria-describedby=\"prijmeni\"\n    type=\"text\"\n    name=\"fields[prijmeni]\"\n    placeholder=\"P\u0159\u00edjmen\u00ed *\"\n    value=\"\"\n                \n        \n        \n    \n    \n    \n    \n    \n    \n>\n\n\n    \n    \n<\/div>\n\n\n<div class=\"breakdance-form-field breakdance-form-field--email\" >\n    \n    \n    \n    <input\n    class=\"breakdance-form-field__input\"\n    id=\"email\"\n    aria-describedby=\"email\"\n    type=\"email\"\n    name=\"fields[email]\"\n    placeholder=\"E-mail *\"\n    value=\"\"\n                \n        \n        \n    \n    \n    \n    \n    \n    \n>\n\n\n    \n    \n<\/div>\n\n\n<div class=\"breakdance-form-field breakdance-form-field--tel\" >\n    \n    \n    \n    <input\n    class=\"breakdance-form-field__input\"\n    id=\"telefon\"\n    aria-describedby=\"telefon\"\n    type=\"tel\"\n    name=\"fields[telefon]\"\n    placeholder=\"Telefon *\"\n    value=\"\"\n                \n        \n        \n    \n    \n    \n    \n    \n    \n>\n\n\n    \n    \n<\/div>\n\n\n<div class=\"breakdance-form-field breakdance-form-field--url\" >\n    \n    \n    \n    <input\n    class=\"breakdance-form-field__input\"\n    id=\"linkedin\"\n    aria-describedby=\"linkedin\"\n    type=\"url\"\n    name=\"fields[linkedin]\"\n    placeholder=\"LinkedIn profil *\"\n    value=\"\"\n                \n        \n        \n    \n    \n    \n    \n    \n    \n>\n\n\n    \n    \n<\/div>\n\n\n<div class=\"breakdance-form-field breakdance-form-field--textarea breakdance-form-field__hide-label\" >\n    \n    \n            <label class=\"breakdance-form-field__label\" for=\"zprava\">\n            Text\n        <\/label>\n    \n    <textarea\n    class=\"breakdance-form-field__input\"\n    id=\"zprava\"\n    aria-describedby=\"zprava\"\n    type=\"textarea\"\n    name=\"fields[zprava]\"\n        placeholder=\"Text\"\n    \n    \n    \n    >\n<\/textarea>\n\n\n    \n    \n<\/div>\n\n\n<div class=\"breakdance-form-field breakdance-form-field--file\" >\n    \n    \n    \n    <label for=\"zivotopis\" class=\"breakdance-form-file-upload breakdance-form-file-upload--draggable\">\n\n            <span class=\"breakdance-form-dropzone\" tabindex=\"0\">\n            <svg class=\"breakdance-form-dropzone__icon\" width=\"48\" stroke=\"currentColor\" fill=\"none\" viewBox=\"0 0 48 48\" aria-hidden=\"true\">\n                <path d=\"M28 8H12a4 4 0 00-4 4v20m32-12v8m0 0v8a4 4 0 01-4 4H12a4 4 0 01-4-4v-4m32-4l-3.172-3.172a4 4 0 00-5.656 0L28 28M8 32l9.172-9.172a4 4 0 015.656 0L28 28m0 0l4 4m4-24h8m-4-4v8m-12 4h.02\" stroke-width=\"2\" stroke-linecap=\"round\" stroke-linejoin=\"round\"><\/path>\n            <\/svg>\n\n            <span class=\"breakdance-form-dropzone__title\">\n                <span>Nahrajte \u017eivotopis<\/span> nebo jej zde p\u0159et\u00e1hn\u011bte.\n            <\/span>\n            <span class=\"breakdance-form-dropzone__accepts\">\n                              pdf, docx, jpg, jpeg, jpe, doc\n                            a\u017e do velikosti 15MB\n            <\/span>\n        <\/span>\n    \n    <input\n        id=\"zivotopis\"\n        name=\"fields[zivotopis][]\"\n        type=\"file\"\n        class=\"breakdance-form-file-upload__input\"\n        accept=\"application\/pdf,application\/vnd.openxmlformats-officedocument.wordprocessingml.document,image\/jpeg,application\/msword\"\n        multiple\n        \n        \n                data-max-files=\"2\"\n        data-i18n-empty-text=\"\u017d\u00e1dn\u00fd soubor nevybr\u00e1n\"\n        data-i18n-filled-text=\"%n files\"\n        data-i18n-error-text=\"Only %n file(s) allowed.\"\n    >\n<\/label>\n\n    <ul class=\"breakdance-form-files-list\"><\/ul>\n\n\n    \n    \n<\/div>\n\n\n<div class=\"breakdance-form-field breakdance-form-field--html\" >\n    \n    \n    \n    <div class=\"form-input-html\"\n    >\n  <span style=\"color: #141414);\nfont-family: Inter;\nfont-size: 14px;\nfont-style: normal;\nfont-weight: 400;\n             line-height:17px;\"><span style=\"color:#BB1732;\">*<\/span> Povinn\u00e9 \u00fadaje | Odesl\u00e1n\u00edm formul\u00e1\u0159e souhlas\u00edte se z\u00e1sadami zpracov\u00e1n\u00ed osobn\u00edch \u00fadaj\u016f. Nebojte, \u00fadaje jsou u n\u00e1s v bezpe\u010d\u00ed a neposkytujeme je t\u0159et\u00edm stran\u00e1m.<\/span>\n<\/div>\n\n\n    \n    \n<\/div><div class=\"breakdance-form-field breakdance-form-footer\">    \n    \n    \n    \n    \n            \n            <button type=\"submit\" class=\"button-atom button-atom--primary breakdance-form-button breakdance-form-button__submit\"  >\n    \n        <span class=\"button-atom__text\">ODESLAT<\/span>\n\n        \n        \n            <\/button>\n    \n    <input type=\"hidden\" name=\"form_id\" value=\"158\">\n    <input type=\"hidden\" name=\"post_id\" value=\"253\">\n<\/div>\n\n  \n<\/form>\n\n\n<\/div>\n<\/div><\/div>\n<\/section>","protected":false},"excerpt":{"rendered":"<p>Voln\u00e1 m\u00edsta v xitee Hled\u00e1me talentovan\u00e9 osobnosti, kter\u00e9 bav\u00ed IT a technologie, cht\u011bj\u00ed se neust\u00e1le rozv\u00edjet a zapojit do n\u011b\u010deho, co m\u00e1 smysl. Pod\u00edvej se, jestli n\u00e1m nechyb\u00ed\u0161 pr\u00e1v\u011b ty. Atlassian Expert DevOps Engineer Nena\u0161el jsi pro sebe to prav\u00e9? Napi\u0161 n\u00e1m a my se ti ozveme. Text Nahrajte \u017eivotopis nebo jej zde p\u0159et\u00e1hn\u011bte. pdf, [&hellip;]<\/p>\n","protected":false},"author":1,"featured_media":0,"parent":0,"menu_order":0,"comment_status":"closed","ping_status":"closed","template":"","meta":{"_acf_changed":false,"_breakdance_hide_in_design_set":false,"_breakdance_tags":"","footnotes":""},"class_list":["post-253","page","type-page","status-publish","hentry"],"acf":[],"_links":{"self":[{"href":"https:\/\/career.xitee.com\/cs\/wp-json\/wp\/v2\/pages\/253","targetHints":{"allow":["GET"]}}],"collection":[{"href":"https:\/\/career.xitee.com\/cs\/wp-json\/wp\/v2\/pages"}],"about":[{"href":"https:\/\/career.xitee.com\/cs\/wp-json\/wp\/v2\/types\/page"}],"author":[{"embeddable":true,"href":"https:\/\/career.xitee.com\/cs\/wp-json\/wp\/v2\/users\/1"}],"replies":[{"embeddable":true,"href":"https:\/\/career.xitee.com\/cs\/wp-json\/wp\/v2\/comments?post=253"}],"version-history":[{"count":41,"href":"https:\/\/career.xitee.com\/cs\/wp-json\/wp\/v2\/pages\/253\/revisions"}],"predecessor-version":[{"id":1223,"href":"https:\/\/career.xitee.com\/cs\/wp-json\/wp\/v2\/pages\/253\/revisions\/1223"}],"wp:attachment":[{"href":"https:\/\/career.xitee.com\/cs\/wp-json\/wp\/v2\/media?parent=253"}],"curies":[{"name":"wp","href":"https:\/\/api.w.org\/{rel}","templated":true}]}}